{"id":9,"date":"2020-09-03T17:27:59","date_gmt":"2020-09-03T17:27:59","guid":{"rendered":"https:\/\/oil4vap.it\/?page_id=9"},"modified":"2021-02-17T09:39:08","modified_gmt":"2021-02-17T09:39:08","slug":"acerca-de","status":"publish","type":"page","link":"https:\/\/oil4vap.it\/?page_id=9","title":{"rendered":"Riguardo a noi?"},"content":{"rendered":"\r\n<p>Oil4Vap nasce nel 2012, con una piccola gamma di prodotti ma con uno scopo ben preciso, quello di farsi riconoscere per la qualit\u00e0 e la purezza dei nostri prodotti. Cos\u00ec \u00e8 stato. Dopo 8 anni, Oil4Vap \u00e8 diventato un punto di riferimento per qualit\u00e0 e innovazione in Spagna. Questo riconoscimento \u00e8 supportato dai 3 premi ricevuti nelle ultime 2 edizioni di VapAwards. Due volte consecutivamente siamo stati riconosciuti come \u00abMiglior gamma di aromi semplici\u00bb e, nel 2019, come \u00abMiglior base di svapo\u00bb.<br \/>Oggi, quella piccola gamma di prodotti \u00e8 cresciuta fino a limiti inaspettati. Un esempio di ci\u00f2 \u00e8 la nostra gamma di Niko-Vaps (Nicotine Kits) che attualmente ha 27 diverse referenze, suddivise in 3 famiglie; i classici Niko-Vaps, i Cold Effect Niko-Vaps e i nuovi Fast4Vap Niko-Vaps.<\/p>\r\n<p>&nbsp;<\/p>\r\n<p><img fetchpriority=\"high\" decoding=\"async\" class=\"size-medium wp-image-94 aligncenter\" src=\"https:\/\/oil4vap.it\/wp-content\/uploads\/2020\/09\/IMG_0059-300x200.jpg\" alt=\"\" width=\"300\" height=\"200\" srcset=\"https:\/\/oil4vap.it\/wp-content\/uploads\/2020\/09\/IMG_0059-300x200.jpg 300w, https:\/\/oil4vap.it\/wp-content\/uploads\/2020\/09\/IMG_0059-1024x683.jpg 1024w, https:\/\/oil4vap.it\/wp-content\/uploads\/2020\/09\/IMG_0059-768x512.jpg 768w, https:\/\/oil4vap.it\/wp-content\/uploads\/2020\/09\/IMG_0059-1536x1024.jpg 1536w, https:\/\/oil4vap.it\/wp-content\/uploads\/2020\/09\/IMG_0059-2048x1365.jpg 2048w\" sizes=\"(max-width: 300px) 100vw, 300px\" \/><\/p>\r\n<p>Nell&#8217;ambito del nostro impegno per offrire la massima qualit\u00e0, garantiamo una purezza minima della nostra nicotina del 99,99%, del nostro glicole propilenico, del 99, 95% e della nostra glicerina del 99, 98%. All&#8217;interno di questo impegno per la qualit\u00e0 e l&#8217;innovazione, ci distinguiamo per essere la prima azienda di svaping ad utilizzare e offrire DOP 1-3 rispetto al DOP 1-2 offerto dal resto. PDO 1-3 si distingue per la sua maggiore stabilit\u00e0 termica, migliore conduzione aromatica e minor rischio di decomposizione termica, che lo rendono la migliore alternativa al glicole propilenico oggi.<\/p>\r\n<p>I nostri processi di produzione sono appositamente progettati e controllati per migliorare la sicurezza e la qualit\u00e0 del risultato finale, con strutture adeguate alle pi\u00f9 alte richieste legali e di mercato.<\/p>\r\n<p>&nbsp;<\/p>\r\n<div class=\"page_counter_label\"><span class=\"page_counter_text\" style=\"color:#000000;background:#FFFFFF;\">Total Page Visits: 586<\/span><\/div>\r\n ","protected":false},"excerpt":{"rendered":"<p>Oil4Vap nasce nel 2012, con una piccola gamma di prodotti ma con uno scopo ben preciso, quello di farsi riconoscere per la qualit\u00e0 e la purezza dei nostri prodotti. Cos\u00ec \u00e8 stato. Dopo 8 anni, Oil4Vap \u00e8 diventato un punto<\/p>\n","protected":false},"author":1,"featured_media":0,"parent":0,"menu_order":0,"comment_status":"closed","ping_status":"closed","template":"","meta":{"_monsterinsights_skip_tracking":false,"_monsterinsights_sitenote_active":false,"_monsterinsights_sitenote_note":"","_monsterinsights_sitenote_category":0,"footnotes":""},"class_list":["post-9","page","type-page","status-publish","hentry"],"_links":{"self":[{"href":"https:\/\/oil4vap.it\/index.php?rest_route=\/wp\/v2\/pages\/9","targetHints":{"allow":["GET"]}}],"collection":[{"href":"https:\/\/oil4vap.it\/index.php?rest_route=\/wp\/v2\/pages"}],"about":[{"href":"https:\/\/oil4vap.it\/index.php?rest_route=\/wp\/v2\/types\/page"}],"author":[{"embeddable":true,"href":"https:\/\/oil4vap.it\/index.php?rest_route=\/wp\/v2\/users\/1"}],"replies":[{"embeddable":true,"href":"https:\/\/oil4vap.it\/index.php?rest_route=%2Fwp%2Fv2%2Fcomments&post=9"}],"version-history":[{"count":7,"href":"https:\/\/oil4vap.it\/index.php?rest_route=\/wp\/v2\/pages\/9\/revisions"}],"predecessor-version":[{"id":172,"href":"https:\/\/oil4vap.it\/index.php?rest_route=\/wp\/v2\/pages\/9\/revisions\/172"}],"wp:attachment":[{"href":"https:\/\/oil4vap.it\/index.php?rest_route=%2Fwp%2Fv2%2Fmedia&parent=9"}],"curies":[{"name":"wp","href":"https:\/\/api.w.org\/{rel}","templated":true}]}}